{"id":10933,"date":"2018-08-28T20:37:26","date_gmt":"2018-08-28T18:37:26","guid":{"rendered":"https:\/\/www.hair-lounge.at\/?page_id=10933"},"modified":"2018-08-28T20:58:17","modified_gmt":"2018-08-28T18:58:17","slug":"privacy","status":"publish","type":"page","link":"https:\/\/www.hair-lounge.at\/en\/privacy\/","title":{"rendered":"Privacy"},"content":{"rendered":"<p>[vc_row content_width=&#8221;grid&#8221; content_aligment=&#8221;center&#8221; center_bck_image=&#8221;no&#8221; css=&#8221;.vc_custom_1526503114037{padding-top: 70px !important;padding-bottom: 105px !important;}&#8221;][vc_column css=&#8221;.vc_custom_1526503555733{padding-right: 10% !important;padding-left: 10% !important;}&#8221; offset=&#8221;vc_col-lg-offset-1 vc_col-lg-10 vc_col-md-offset-1 vc_col-md-10&#8243;][vc_column_text]<\/p>\n<h2 style=\"text-align: left;\">DATENSCHUTZERKL\u00c4RUNG<\/h2>\n<p style=\"text-align: left;\">Diese Website wird betrieben von A&amp;M&#8217;s HAIRLOUNGE, in der Folge \u201ewir\u201c, \u201euns\u201c und \u201eIHR UNTERNEHMEN\u201c, mit Sitz in 1010 Wien. In dieser Datenschutzerkl\u00e4rung wird von uns als Verantwortlichem nach Art. 4 Abs. 7 EU-DSGVO beschrieben, welche Daten wir bei Ihrem Besuch auf unserer Website erheben und zu welchem Zweck wir diese verarbeiten. Alle relevanten Kontaktdaten entnehmen Sie bitte Punkt 10. dieser Datenschutzerkl\u00e4rung.<\/p>\n<p style=\"text-align: left;\">Da uns der Schutz Ihrer personenbezogenen Daten ein besonderes Anliegen ist, halten wir uns beim Erheben und Verarbeiten Ihrer personenbezogenen Daten streng an die gesetzlichen Vorgaben des DSG und der EU-DSGVO.<\/p>\n<p style=\"text-align: left;\">Im Folgenden informieren wir Sie detailliert \u00fcber den Umfang und den Zweck unserer Datenverarbeitung sowie Ihre Rechte als Betroffene\/r der Datenverarbeitung. Lesen Sie unsere Datenschutzerkl\u00e4rung daher bitte genau durch, bevor Sie unsere Website weiter nutzen und gegebenenfalls Ihre Einwilligung zu einer Datenverarbeitung geben.<\/p>\n<h2 style=\"text-align: left;\">Personenbezogene Daten<\/h2>\n<p style=\"text-align: left;\">Die Nutzung unserer Website ist grunds\u00e4tzlich ohne Angabe von personenbezogenen Daten m\u00f6glich. F\u00fcr die Nutzung einzelner Services k\u00f6nnen sich jedoch abweichende Regelungen ergeben, auf die wir Sie gesondert hinweisen.<\/p>\n<p style=\"text-align: left;\">Von uns werden also grunds\u00e4tzlich nur diejenigen Daten erfasst und gespeichert, die Sie uns selbst dadurch mitteilen, dass Sie diese in unseren Eingabemasken einf\u00fcgen oder auf sonstige Art und Weise aktiv mit unserer Website interagieren.<\/p>\n<p style=\"text-align: left;\">Personenbezogene Daten sind alle Informationen, die sich auf eine identifizierte oder identifizierbare nat\u00fcrliche Person beziehen. Darunter fallen beispielsweise Ihr Namen, Ihre Anschrift, Ihre Telefonnummer oder Ihr Geburtsdatum, aber auch Ihre IP-Adresse oder Geolokationsdaten, die einen R\u00fcckschluss auf Sie zulassen.<\/p>\n<h2 style=\"text-align: left;\">Erhebung und Verarbeitung personenbezogener Daten<\/h2>\n<p style=\"text-align: left;\">Personenbezogene Daten, die \u00fcber die durch Cookies gespeicherten Informationen hinausgehen, werden von uns ausschlie\u00dflich verarbeitet, wenn Sie uns diese von sich aus freiwillig mitteilen, beispielsweise wenn Sie sich bei uns registrieren, in eine Vertragsbeziehung mit uns eintreten oder sonst mit uns in Kontakt treten. Dabei handelt es sich ausschlie\u00dflich um Kontaktdaten sowie Informationen zu den Anliegen, mit denen Sie an uns herantreten.<\/p>\n<p style=\"text-align: left;\">Wir verwenden die von Ihnen angegebenen personenbezogenen Daten ausschlie\u00dflich insoweit, als dies im Rahmen der Erf\u00fcllung des jeweiligen Zwecks der Verarbeitung (zB die Registrierung, die Newsletter-Versendung, die Abwicklung einer Bestellung, das Zusenden von Informationsmaterial und Werbung, die Abwicklung eines Gewinn-spieles, die Beantwortung einer Frage, die Erm\u00f6glichung des Zugangs zu bestimmten Informationen) erforderlich und dies gesetzlich (insb. gem. Art. 6 EU-DSGVO) zul\u00e4ssig ist (z.B. die Aussendung von Werbung und Informationsmaterial an Bestandskunden).<\/p>\n<p style=\"text-align: left;\">Zweck der Verarbeitung Ihrer Daten ist das Betreiben unserer Website und die ziel-gerichtete Zurverf\u00fcgungstellung von unternehmensspezifischen Informationen samt der Darstellung des Angebots unserer Waren und Dienstleitungen (Marketing). Eine dar\u00fcberhinausgehende Verwendung Ihrer Daten findet nur insoweit statt, als Sie zuvor ausdr\u00fccklich eingewilligt haben. Ihre Einwilligung k\u00f6nnen Sie \u2013 wie nachstehend noch detailliert erl\u00e4utert \u2013 jederzeit f\u00fcr die Zukunft widerrufen.<\/p>\n<h2 style=\"text-align: left;\">Speicherdauer<\/h2>\n<p style=\"text-align: left;\">Daten, die Sie uns ausschlie\u00dflich zur Kundenbetreuung bzw. f\u00fcr Marketing und Informationszwecke zur Verf\u00fcgung gestellt haben, speichern wir grunds\u00e4tzlich bis zum Ablauf von drei Jahren nach unserem letzten Kontakt. Sofern Sie dies w\u00fcnschen, werden wir Ihre Daten jedoch auch vor Ablauf dieser Frist l\u00f6schen, sofern kein gesetzliches Hindernis dem entgegensteht.<\/p>\n<p style=\"text-align: left;\">Im Falle einer\/s Vertragsanbahnung bzw. -abschlusses verarbeiten wir Ihre personenbezogenen Daten nach vollst\u00e4ndiger Vertragsabwicklung bis zum Ablauf der f\u00fcr uns geltenden Garantie-, Gew\u00e4hrleistungs-, Verj\u00e4hrungs- und gesetzlichen Aufbewahrungsfristen, dar\u00fcber hinaus bis zur Beendigung von allf\u00e4lligen Rechtsstreitigkeiten, bei denen die Daten als Beweis ben\u00f6tigt werden.<\/p>\n<h2 style=\"text-align: left;\">Verwendete Tools und Applikationen<\/h2>\n<p style=\"text-align: left;\">Auf unserer Website nutzen wir zudem die Angebote von Google Maps. Dadurch k\u00f6nnen wir Ihnen interaktive Karten direkt auf unserer Website anzeigen und erm\u00f6glichen Ihnen die komfortable Nutzung der Kartenfunktion, um unseren Standort zu finden und Ihre Anreise zu erleichtern.<\/p>\n<p style=\"text-align: left;\">Durch den Besuch unserer Website erh\u00e4lt Google die Information, dass Sie die entsprechende Subsite unserer Website aufgerufen haben und die oben angef\u00fchrten personenbezogenen Daten. Dies erfolgt unabh\u00e4ngig davon, ob Sie \u00fcber einen Google-Account eingeloggt sind oder nicht. Sofern Sie bei Google eingeloggt sind, werden Ihre Daten direkt Ihrem Account zugeordnet. Sofern Sie dies nicht w\u00fcnschen, m\u00fcssen Sie sich vor Nutzung dieses Service bei Google ausloggen. Google nutzt Ihre Daten zu Zwecken der Werbung, Marktforschung und bedarfsgerechter<br \/>\nWebsitegestaltung. Ihnen steht ein Widerspruchsrecht gegen die diesbez\u00fcgliche Nutzung Ihrer Daten zu, das Sie direkt an Google richten m\u00fcssen.<\/p>\n<p style=\"text-align: left;\">Weitere Informationen zu Zweck und Umfang der Datenerhebung erhalten Sie in der Datenschutzerkl\u00e4rung von Google, diese finden Sie unter <a href=\"http:\/\/www.google.de\/intl\/de\/policies\/privacy\" target=\"_blank\" rel=\"noopener\">http:\/\/www.google.de\/intl\/de\/policies\/privacy<\/a>. Google verarbeitet Ihre Daten auch in den USA und hat sich dem EU-US Privacy Shield unterworfen.<\/p>\n<p style=\"text-align: left;\">Auf unserer Website setzen wir auch Links zu anderen Websites; dies erfolgt lediglich zu Informationszwecken. Diese Websites stehen nicht unter unserer Kontrolle und fallen daher nicht unter die Bestimmungen dieser Datenschutzerkl\u00e4rung. Sollten Sie jedoch einen Link aktivieren, ist es m\u00f6glich, dass der Betreiber dieser Website Daten \u00fcber Sie erhebt und diese gem\u00e4\u00df seiner Datenschutzerkl\u00e4rung, die von unserer abweichen kann, verarbeitet. Bitte informieren Sie sich stets auch auf den von uns verlinkten Websites \u00fcber die aktuellen Datenschutzbestimmungen.<\/p>\n<h2 style=\"text-align: left;\">Daten\u00fcbermittlung<\/h2>\n<p style=\"text-align: left;\">Eine \u00dcbermittlung Ihrer Daten an Dritte findet grunds\u00e4tzlich nicht statt, es sei denn, wir sind gesetzlich dazu verpflichtet, die Datenweitergabe ist zur Durchf\u00fchrung eines zwischen uns abgeschlossenen Vertragsverh\u00e4ltnisses erforderlich oder Sie haben zuvor ausdr\u00fccklich in die Weitergabe Ihrer Daten eingewilligt. Externe Auftragsverarbeiter oder sonstige Kooperationspartner erhalten Ihre Daten nur, soweit dies zur Vertragsabwicklung erforderlich ist oder wir ein berechtigtes Interesse daran haben, das wir stets im Anlassfall gesondert bekannt geben. Soweit einer unserer Auftragsverarbeiter mit Ihren personenbezogenen Daten in Ber\u00fchrung kommt, stellen wir sicher, dass diese die Vorschriften der Datenschutzgesetze in gleicher Weise einh\u00e4lt wie wir.<\/p>\n<p style=\"text-align: left;\">Ihre personenbezogenen Daten werden von uns nicht an konzernfremde Dritte ver\u00e4u\u00dfert oder anderweitig vermarktet. Sofern unsere Vertragspartner oder Auftragsverarbeiter ihren Sitz in einem Drittland, also einem Staat au\u00dferhalb des Europ\u00e4ischen Wirtschaftsraums (EWR) haben, informieren wir Sie \u00fcber die Folgen dieses Umstands in der Beschreibung des Angebots.<\/p>\n<h2 style=\"text-align: left;\">Sicherheit<\/h2>\n<p style=\"text-align: left;\">Wir setzen zahlreiche technische und organisatorische Sicherheitsma\u00dfnahmen ein, um Ihre Daten gegen Manipulationen, Verlust, Zerst\u00f6rung und gegen den Zugriff Dritter zu sch\u00fctzen. Unsere Sicherheitsma\u00dfnahmen werden entsprechend der technologischen Entwicklung im Internet laufend verbessert. Sollten Sie n\u00e4here Informationen zu Art und Umfang der von uns ergriffenen technischen und organisatorischen Ma\u00dfnahmen haben, stehen wir f\u00fcr diesbez\u00fcgliche schriftliche Anfragen jederzeit gerne zur Verf\u00fcgung.<\/p>\n<h2 style=\"text-align: left;\">Ihre Rechte<\/h2>\n<p style=\"text-align: left;\">Gem\u00e4\u00df der Datenschutz-Grundverordnung und dem Datenschutzgesetz stehen Ihnen als betroffene Person unserer Datenverarbeitung folgende Rechte und Rechtsbehelfe zu:<\/p>\n<ul style=\"text-align: left;\">\n<li>Recht auf Auskunft (Art. 15 EU-DSGVO)<br \/>\nSie haben als betroffene Person der oben beschriebenen und sonstigen Datenverarbeitung das Recht, Auskunft dar\u00fcber zu verlangen, ob und wenn ja, welche personenbezogenen Daten \u00fcber sie verarbeitet werden. Zu Ihrem eigenen Schutz \u2013 damit niemand Unberechtigter Auskunft \u00fcber Ihre Daten erh\u00e4lt \u2013 werden wir vor Auskunftserteilung ihre Identit\u00e4t in geeigneter Form nachpr\u00fcfen.<\/li>\n<li>Recht auf Berichtigung (Art. 16) und L\u00f6schung (Art. 17 EU-DSGVO)<br \/>\nSie haben das Recht, unverz\u00fcglich die Berichtigung Sie betreffender unrichtiger personenbezogener Daten bzw. \u2013 unter Ber\u00fccksichtigung der Zwecke der Datenverarbeitung \u2013 die Vervollst\u00e4ndigung unvollst\u00e4ndiger personenbezogener Daten sowie die L\u00f6schung Ihrer Daten zu verlangen, sofern die Kriterien des Art. 17 EU-DSGVO erf\u00fcllt sind.<\/li>\n<li>Recht auf Einschr\u00e4nkung der Verarbeitung (Art. 18 EU-DSGVO)<br \/>\nSie haben unter den gesetzlichen Voraussetzungen das Recht auf Einschr\u00e4nkung der Verarbeitung s\u00e4mtlicher erhobener personenbezogener Daten. Diese Daten werden ab dem Einschr\u00e4nkungsantrag nur mehr mit Ihrer individuellen Einwilligung bzw. zur Geltendmachung und Durchsetzung von Rechtsanspr\u00fcchen verarbeitet.<\/li>\n<li>Recht auf Daten\u00fcbertragbarkeit (Art. 20 EU-DSGVO)<br \/>\nSie k\u00f6nnen die ungehinderte und uneingeschr\u00e4nkte \u00dcbermittlung von personenbezogenen Daten, die Sie uns bereitgestellt haben, an Sie oder einen Dritten verlangen.<\/li>\n<li>Widerspruchsrecht (Art. 21 EU-DSGVO)<br \/>\nSie k\u00f6nnen aus Gr\u00fcnden, die sich aus ihrer besonderen Situation ergeben, jederzeit Widerspruch gegen die Verarbeitung der Sie betreffenden personenbezogenen Daten, die zur Wahrung unserer berechtigten Interessen oder der ei-nes Dritten erforderlich sind, einlegen. Ihre Daten werden nach Widerspruch nicht mehr verarbeitet, es sei denn, es liegen zwingende schutzw\u00fcrdige Gr\u00fcnde f\u00fcr die Verarbeitung vor, die Ihre Interessen, Rechte und Freiheiten \u00fcber-wiegen oder die Verarbeitung dient der Geltendmachung, Aus\u00fcbung oder Verteidigung von Rechtsanspr\u00fcchen. Gegen die Datenverarbeitung zum Zweck der Direktwerbung k\u00f6nnen Sie jederzeit Widerspruch mit Wirkung f\u00fcr die Zukunft erheben.<\/li>\n<li>Widerruf einer Einwilligung<br \/>\nFalls Sie separat eine Einwilligung zur Verarbeitung Ihrer Daten erteilt haben, k\u00f6nnen Sie diese jederzeit widerrufen. Ein solcher Widerruf beeinflusst die Zul\u00e4ssigkeit der Verarbeitung Ihrer personenbezogenen Daten, nachdem Sie ihn uns gegen\u00fcber ausgesprochen haben.<\/li>\n<\/ul>\n<p style=\"text-align: left;\">Ergreifen Sie eine Ma\u00dfnahme zur Durchsetzung Ihrer oben aufgef\u00fchrten Rechte aus der DSGVO, so hat IHR UNTERNEHMEN unverz\u00fcglich, sp\u00e4testens aber innerhalb eines Monats nach Eingang Ihres Antrags, zur beantragten Ma\u00dfnahme Stellung zu nehmen bzw. dem Antrag zu entsprechen.<\/p>\n<p style=\"text-align: left;\"><strong>Wir werden auf alle angemessenen Anfragen im gesetzlichen Rahmen unentgeltlich und m\u00f6glichst umgehend reagieren.<\/strong><\/p>\n<p style=\"text-align: left;\">F\u00fcr Antr\u00e4ge betreffend Verletzung des Rechtes auf Auskunft, Verletzung der Rechte auf Geheimhaltung, auf Richtigstellung oder auf L\u00f6schung ist die Datenschutzbeh\u00f6rde zust\u00e4ndig. Deren Kontaktdaten lauten:<br \/>\n\u00d6sterreichische Datenschutzbeh\u00f6rde<br \/>\nWickenburggasse 8, 1080 Wien<br \/>\n<a href=\"mailto:dsb@dsb.gv.at\">dsb@dsb.gv.at<\/a><\/p>\n<p>[\/vc_column_text][\/vc_column][\/vc_row]<\/p>\n","protected":false},"excerpt":{"rendered":"<p>[vc_row content_width=&#8221;grid&#8221; content_aligment=&#8221;center&#8221; center_bck_image=&#8221;no&#8221; css=&#8221;.vc_custom_1526503114037{padding-top: 70px !important;padding-bottom: 105px !important;}&#8221;][vc_column css=&#8221;.vc_custom_1526503555733{padding-right: 10% !important;padding-left: 10% !important;}&#8221; offset=&#8221;vc_col-lg-offset-1 vc_col-lg-10 vc_col-md-offset-1 vc_col-md-10&#8243;][vc_column_text] DATENSCHUTZERKL\u00c4RUNG Diese Website wird betrieben von A&amp;M&#8217;s HAIRLOUNGE, in der Folge \u201ewir\u201c, \u201euns\u201c und \u201eIHR UNTERNEHMEN\u201c, mit Sitz in 1010 Wien. In dieser Datenschutzerkl\u00e4rung wird von uns&#8230;<\/p>\n","protected":false},"author":1,"featured_media":0,"parent":0,"menu_order":0,"comment_status":"closed","ping_status":"closed","template":"full-width.php","meta":[],"_links":{"self":[{"href":"https:\/\/www.hair-lounge.at\/en\/wp-json\/wp\/v2\/pages\/10933"}],"collection":[{"href":"https:\/\/www.hair-lounge.at\/en\/wp-json\/wp\/v2\/pages"}],"about":[{"href":"https:\/\/www.hair-lounge.at\/en\/wp-json\/wp\/v2\/types\/page"}],"author":[{"embeddable":true,"href":"https:\/\/www.hair-lounge.at\/en\/wp-json\/wp\/v2\/users\/1"}],"replies":[{"embeddable":true,"href":"https:\/\/www.hair-lounge.at\/en\/wp-json\/wp\/v2\/comments?post=10933"}],"version-history":[{"count":1,"href":"https:\/\/www.hair-lounge.at\/en\/wp-json\/wp\/v2\/pages\/10933\/revisions"}],"predecessor-version":[{"id":10934,"href":"https:\/\/www.hair-lounge.at\/en\/wp-json\/wp\/v2\/pages\/10933\/revisions\/10934"}],"wp:attachment":[{"href":"https:\/\/www.hair-lounge.at\/en\/wp-json\/wp\/v2\/media?parent=10933"}],"curies":[{"name":"wp","href":"https:\/\/api.w.org\/{rel}","templated":true}]}}